{"id":1734,"date":"2021-05-31T14:00:38","date_gmt":"2021-05-31T14:00:38","guid":{"rendered":"https:\/\/ateljeepro.ee\/about-us\/"},"modified":"2021-07-21T14:03:58","modified_gmt":"2021-07-21T14:03:58","slug":"meist","status":"publish","type":"page","link":"https:\/\/ateljeepro.ee\/et\/meist\/","title":{"rendered":"Meist"},"content":{"rendered":"<h1>\n\t\tPUIT &#8211; ainuke suurem taastuv ehitusmaterjal. \n\t<\/h1>\n\t<p>Puidust tooted pakuvad silmapaistvat mitmek\u00fclgsust ja v\u00e4\u00e4rtust nii ehitusmaterjalina kui loodusliku keskkonnavalikuna. Puit on j\u00e4tkuvalt \u00fclekaalukas valik klientidele, kes otsivad usaldusv\u00e4\u00e4rset, keskkonnas\u00f5bralikku, atraktiivset materjali m\u00f5istliku hinnaga.<\/p>\n<p>Ateljee PRO on puidu ja puiduviimistlusmaterjalidega tegelenud viimased 25 aastat. Meie professionaalne meeskond on abiks klientide teenindamisel, andes kliendile teadliku valiku k\u00f5ige sobivamate puiduliikide valimisel.<\/p>\n\t<p>Seet\u00f5ttu sisaldab see koduleht ainult parimat valikut looduslikku puitu, mitmekesist valikut Indoneesia kummipuust kuni Kanada tammeni.<\/p>\n<p>Puidu viimistluse alt leiate suurep\u00e4rase valiku kvaliteetseid puiduviimistlusmaterjale. Meie professionaalne meeskond testib igap\u00e4evaselt ja kinnitab k\u00f5rget kvaliteeti pakutavatele puiduviimistlus lahendustele.<\/p>\n<h3>\n\t\t25+\n\t<\/h3>\n\t<p>aastat praktilist kogemust<\/p>\n<h3>\n\t\t100+\n\t<\/h3>\n\t<p>puiduliiki<\/p>\n<h3>\n\t\t200+\n\t<\/h3>\n\t<p>seinapaneeli dekoori<\/p>\n<h3>\n\t\t300+\n\t<\/h3>\n\t<p>ukse mudelit<\/p>\n<h3>\n\t\t5000+\n\t<\/h3>\n\t<p>v\u00e4rvitooni<\/p>\n<h2>\n\t\tWooden Decor\n\t<\/h2>\n\t\t\t\t<img loading=\"lazy\" decoding=\"async\" src=\"https:\/\/ateljeepro.ee\/wp-content\/uploads\/2021\/07\/georgian-pine.jpg\" alt=\"georgian pine\" itemprop=\"image\" height=\"1200\" width=\"1200\" title=\"georgian pine\" onerror=\"this.style.display='none'\"  \/>\n<h3>\n\t\tSunWood\n\t<\/h3>\n\t<p>Uuendusliku printimise ja pinnat\u00f6\u00f6tluse abil annab SunWood mitmekihilistele t\u00e4ispuidust paneelidele originaalse taaskasutatud puidu v\u00f5i v\u00e4\u00e4rispuidu ilme. SunWood paneelid sobivad ideaalselt seina- ja laepaneelideks, kaupluste ja restoranide sisustamiseks, messibokside ehitamiseks ja m\u00f6\u00f6bli tootmiseks.<\/p>\n\t\t\t<a href=\"\/et\/product-category\/wooden-decor\/?product-brand=sunwood\" target=\"_self\" role=\"button\" aria-label=\"Vaata tooteid\" rel=\"noopener\">\n\t\t\t\t\t\t\tVaata tooteid\n\t\t<\/a>\n<h3>\n\t\tMyWall\n\t<\/h3>\n\t<p>Puit on liiga hea materjal, et seda lihtsalt p\u00f5letada! Taaskasutus ja maksimaalne kasutamine on meie projekti peamised aspektid. K\u00f5ik seinakatted toodetakse k\u00e4sitsi, detailselt l\u00e4bim\u00f5eldud protsessi k\u00e4igus. Seega on iga paneel ainulaadne ese. Uue dekoratiivseinakatete kollektsiooniga juhime t\u00e4helepanu loodusliku puidu mitmek\u00fclgsusele ja \u00f6koloogiliselt vastutustundlikule kasutamisele.<\/p>\n\t\t\t<a href=\"\/et\/product-category\/wooden-decor\/\/et\/product-category\/wooden-decor\/?product-brand=mywall\" target=\"_self\" role=\"button\" aria-label=\"Vaata tooteid\" rel=\"noopener\">\n\t\t\t\t\t\t\tVaata tooteid\n\t\t<\/a>\n\t\t\t\t<img loading=\"lazy\" decoding=\"async\" src=\"https:\/\/ateljeepro.ee\/wp-content\/uploads\/2021\/07\/naturale-1.jpg\" alt=\"naturale\" itemprop=\"image\" height=\"1200\" width=\"1200\" title=\"naturale\" onerror=\"this.style.display='none'\"  \/>\n\t\t\t\t<img loading=\"lazy\" decoding=\"async\" src=\"https:\/\/ateljeepro.ee\/wp-content\/uploads\/2021\/07\/oak-stained.jpg\" alt=\"oak stained\" itemprop=\"image\" height=\"1200\" width=\"1200\" title=\"oak stained\" onerror=\"this.style.display='none'\"  \/>\n<h3>\n\t\tWoodenside\n\t<\/h3>\n\t<p>Keskkonnas\u00f5bralikkus ja ruumi kvaliteedi parandamine. Looduslikel materjalidel on kasulik m\u00f5ju mikrokliimale ja \u00fcldisele heaolule. Seinapaneelid hoiavad talvel sooja ja suvel soovitud jahedust. Lisaks v\u00f5imaldavad Sinu ruumis toimuva teiste k\u00f5rvade eest saladuseks j\u00e4tta. Esteetika ja vastupidavus.<\/p>\n\t\t\t<a href=\"\/et\/product-category\/wooden-decor\/?product-brand=woodenside\" target=\"_self\" role=\"button\" aria-label=\"Vaata tooteid\" rel=\"noopener\">\n\t\t\t\t\t\t\tVaata tooteid\n\t\t<\/a>\n<h2>\n\t\tWooden Doors\n\t<\/h2>\n\t<p>Puidust uksed on olnud enim kasutatud ja populaarsemad avat\u00e4ited juba sajandeid! Mida tihedam on kasutatav puiduliik ja l\u00f5puni t\u00f6\u00f6deldud uksekonstruktsioon, seda stiilsem ja kauakestvam on see avat\u00e4ide. Pakume ainult k\u00f5rgeima kvaliteediga puidusordi ja pinnaviimistluse kombinatsiooni. Meie k\u00e4est ei saa paberist, papist ega tehismaterjalidest puituksi!<\/p>\n\t\t\t<a href=\"\/et\/product-category\/wooden-doors\/\" target=\"_self\" role=\"button\" aria-label=\"Vaata tooteid\" rel=\"noopener\">\n\t\t\t\t\t\t\tVaata tooteid\n\t\t<\/a>\n\t\t\t\t<img loading=\"lazy\" decoding=\"async\" src=\"https:\/\/ateljeepro.ee\/wp-content\/uploads\/2021\/07\/copenhagen-2.jpg\" alt=\"copenhagen\" itemprop=\"image\" height=\"1200\" width=\"1200\" title=\"copenhagen\" onerror=\"this.style.display='none'\"  \/>\n<h2>\n\t\tWood Coatings\n\t<\/h2>\n\t\t\t\t<img loading=\"lazy\" decoding=\"async\" src=\"https:\/\/ateljeepro.ee\/wp-content\/uploads\/2021\/07\/WoodCoatings.jpg\" alt=\"WoodCoatings\" itemprop=\"image\" height=\"1280\" width=\"1920\" title=\"WoodCoatings\" onerror=\"this.style.display='none'\"  \/>\n\t<p>Kvaliteetne puiduviimistlus muutub iga p\u00e4evaga \u00fcha populaarsemaks. See pole \u00fcllatav, sest puit on soe, eluj\u00f5uline ja keskkonnas\u00f5bralik materjal. Puidu kasutamine siseruumis ja v\u00e4ljas, loob erilise hubase, harmoonilise \u00f5hkkonna, annab soojuse, rahu ja turvalisuse tunde.<\/p>\n\t\t\t<a href=\"\/et\/wood-coatings\/\" target=\"_self\" role=\"button\" aria-label=\"Vaata tooteid\" rel=\"noopener\">\n\t\t\t\t\t\t\tVaata tooteid\n\t\t<\/a>\n<h3>\n\t\tGalerii\n\t<\/h3>","protected":false},"excerpt":{"rendered":"<p>PUIT &#8211; ainuke suurem taastuv ehitusmaterjal. Puidust tooted pakuvad silmapaistvat mitmek\u00fclgsust ja v\u00e4\u00e4rtust nii ehitusmaterjalina kui loodusliku keskkonnavalikuna. Puit on j\u00e4tkuvalt \u00fclekaalukas valik klientidele, kes otsivad usaldusv\u00e4\u00e4rset, keskkonnas\u00f5bralikku, atraktiivset materjali m\u00f5istliku hinnaga. Ateljee PRO on puidu ja puiduviimistlusmaterjalidega tegelenud viimased 25 aastat. Meie professionaalne meeskond on abiks klientide teenindamisel, andes kliendile teadliku valiku k\u00f5ige sobivamate &hellip;<\/p>\n<p class=\"read-more\"> <a class=\"\" href=\"https:\/\/ateljeepro.ee\/et\/meist\/\"> <span class=\"screen-reader-text\">Meist<\/span> Read More &raquo;<\/a><\/p>\n","protected":false},"author":1,"featured_media":0,"parent":0,"menu_order":0,"comment_status":"closed","ping_status":"closed","template":"","meta":{"footnotes":""},"class_list":["post-1734","page","type-page","status-publish","hentry"],"_links":{"self":[{"href":"https:\/\/ateljeepro.ee\/et\/wp-json\/wp\/v2\/pages\/1734","targetHints":{"allow":["GET"]}}],"collection":[{"href":"https:\/\/ateljeepro.ee\/et\/wp-json\/wp\/v2\/pages"}],"about":[{"href":"https:\/\/ateljeepro.ee\/et\/wp-json\/wp\/v2\/types\/page"}],"author":[{"embeddable":true,"href":"https:\/\/ateljeepro.ee\/et\/wp-json\/wp\/v2\/users\/1"}],"replies":[{"embeddable":true,"href":"https:\/\/ateljeepro.ee\/et\/wp-json\/wp\/v2\/comments?post=1734"}],"version-history":[{"count":13,"href":"https:\/\/ateljeepro.ee\/et\/wp-json\/wp\/v2\/pages\/1734\/revisions"}],"predecessor-version":[{"id":2929,"href":"https:\/\/ateljeepro.ee\/et\/wp-json\/wp\/v2\/pages\/1734\/revisions\/2929"}],"wp:attachment":[{"href":"https:\/\/ateljeepro.ee\/et\/wp-json\/wp\/v2\/media?parent=1734"}],"curies":[{"name":"wp","href":"https:\/\/api.w.org\/{rel}","templated":true}]}}