{"id":1741,"date":"2021-06-02T09:49:52","date_gmt":"2021-06-02T09:49:52","guid":{"rendered":"https:\/\/ateljeepro.ee\/wooden-coatings\/"},"modified":"2021-07-21T14:07:07","modified_gmt":"2021-07-21T14:07:07","slug":"wood-coatings","status":"publish","type":"page","link":"https:\/\/ateljeepro.ee\/et\/wood-coatings\/","title":{"rendered":"Wood Coatings"},"content":{"rendered":"<h1>\n\t\tWood Coatings\n\t<\/h1>\n\t<p>Kvaliteetne puiduviimistlus muutub iga p\u00e4evaga \u00fcha populaarsemaks. See pole \u00fcllatav, sest puit on soe, eluj\u00f5uline ja keskkonnas\u00f5bralik materjal. Puidu kasutamine siseruumis ja v\u00e4ljas, loob erilise hubase, harmoonilise \u00f5hkkonna, annab soojuse, rahu ja turvalisuse tunde. Selle ilu annab meile loodus ise ja seda r\u00f5hutavad kogenud meistri osavad k\u00e4ed.<\/p>\n<h2>\n\t\tAteljee PRO pakub puiduviimistlus valdkonnas laia valikut tooteid ja teenuseid j\u00e4rgmistelt rahvusvahelistelt kaubam\u00e4rkidelt:\n\t<\/h2>\n\t\t\t\t<img loading=\"lazy\" decoding=\"async\" src=\"https:\/\/ateljeepro.ee\/wp-content\/uploads\/2021\/06\/Screenshot-from-2021-06-02-12-54-39.png\" alt=\"Screenshot from 2021-06-02 12-54-39\" itemprop=\"image\" height=\"114\" width=\"277\" title=\"Screenshot from 2021-06-02 12-54-39\" onerror=\"this.style.display='none'\"  \/>\n\t<strong>VR Coatings<\/strong><br \/>\n<a href=\"http:\/\/www.vr-coatings.net\" target=\"_blank\" rel=\"noopener\">www.vr-coatings.net<\/a>\n\t\t\t\t<img loading=\"lazy\" decoding=\"async\" src=\"https:\/\/ateljeepro.ee\/wp-content\/uploads\/2021\/06\/Screenshot-from-2021-06-02-12-54-44.png\" alt=\"Screenshot from 2021-06-02 12-54-44\" itemprop=\"image\" height=\"106\" width=\"252\" title=\"Screenshot from 2021-06-02 12-54-44\" onerror=\"this.style.display='none'\"  \/>\n\t<strong>Vernites<\/strong><br \/>\n<a href=\"http:\/\/www.vernites.it\" target=\"_blank\" rel=\"noopener\">www.vernites.it<\/a>\n\t\t\t\t<img loading=\"lazy\" decoding=\"async\" src=\"https:\/\/ateljeepro.ee\/wp-content\/uploads\/2021\/06\/Screenshot-from-2021-06-02-12-54-48.png\" alt=\"Screenshot from 2021-06-02 12-54-48\" itemprop=\"image\" height=\"130\" width=\"310\" title=\"Screenshot from 2021-06-02 12-54-48\" onerror=\"this.style.display='none'\"  \/>\n\t<strong>ICA Group<\/strong><br \/>\n<a href=\"http:\/\/www.icaspa.com\" target=\"_blank\" rel=\"noopener\">www.icaspa.com<\/a>\n\t\t\t\t<img loading=\"lazy\" decoding=\"async\" src=\"https:\/\/ateljeepro.ee\/wp-content\/uploads\/2021\/06\/Screenshot-from-2021-06-02-12-54-52.png\" alt=\"Screenshot from 2021-06-02 12-54-52\" itemprop=\"image\" height=\"158\" width=\"285\" title=\"Screenshot from 2021-06-02 12-54-52\" onerror=\"this.style.display='none'\"  \/>\n\t<strong>Tixe<\/strong><br \/>\n<a href=\"https:\/\/www.tixepaint.com\/\" target=\"_blank\" rel=\"noopener\">www.tixepaint.com<\/a>\n\t\t\t\t<img loading=\"lazy\" decoding=\"async\" src=\"https:\/\/ateljeepro.ee\/wp-content\/uploads\/2021\/06\/Screenshot-from-2021-06-02-12-54-56.png\" alt=\"Screenshot from 2021-06-02 12-54-56\" itemprop=\"image\" height=\"128\" width=\"342\" title=\"Screenshot from 2021-06-02 12-54-56\" onerror=\"this.style.display='none'\"  \/>\n\t<strong>GNATURE<\/strong><br \/>\n<a href=\"https:\/\/gnature.de\" target=\"_blank\" rel=\"noopener\">www.gnature.de<\/a>","protected":false},"excerpt":{"rendered":"<p>Wood Coatings Kvaliteetne puiduviimistlus muutub iga p\u00e4evaga \u00fcha populaarsemaks. See pole \u00fcllatav, sest puit on soe, eluj\u00f5uline ja keskkonnas\u00f5bralik materjal. Puidu kasutamine siseruumis ja v\u00e4ljas, loob erilise hubase, harmoonilise \u00f5hkkonna, annab soojuse, rahu ja turvalisuse tunde. Selle ilu annab meile loodus ise ja seda r\u00f5hutavad kogenud meistri osavad k\u00e4ed. Ateljee PRO pakub puiduviimistlus valdkonnas laia &hellip;<\/p>\n<p class=\"read-more\"> <a class=\"\" href=\"https:\/\/ateljeepro.ee\/et\/wood-coatings\/\"> <span class=\"screen-reader-text\">Wood Coatings<\/span> Read More &raquo;<\/a><\/p>\n","protected":false},"author":1,"featured_media":0,"parent":0,"menu_order":0,"comment_status":"closed","ping_status":"closed","template":"","meta":{"footnotes":""},"class_list":["post-1741","page","type-page","status-publish","hentry"],"_links":{"self":[{"href":"https:\/\/ateljeepro.ee\/et\/wp-json\/wp\/v2\/pages\/1741","targetHints":{"allow":["GET"]}}],"collection":[{"href":"https:\/\/ateljeepro.ee\/et\/wp-json\/wp\/v2\/pages"}],"about":[{"href":"https:\/\/ateljeepro.ee\/et\/wp-json\/wp\/v2\/types\/page"}],"author":[{"embeddable":true,"href":"https:\/\/ateljeepro.ee\/et\/wp-json\/wp\/v2\/users\/1"}],"replies":[{"embeddable":true,"href":"https:\/\/ateljeepro.ee\/et\/wp-json\/wp\/v2\/comments?post=1741"}],"version-history":[{"count":9,"href":"https:\/\/ateljeepro.ee\/et\/wp-json\/wp\/v2\/pages\/1741\/revisions"}],"predecessor-version":[{"id":2931,"href":"https:\/\/ateljeepro.ee\/et\/wp-json\/wp\/v2\/pages\/1741\/revisions\/2931"}],"wp:attachment":[{"href":"https:\/\/ateljeepro.ee\/et\/wp-json\/wp\/v2\/media?parent=1741"}],"curies":[{"name":"wp","href":"https:\/\/api.w.org\/{rel}","templated":true}]}}